{"id":1059,"date":"2024-04-13T19:46:41","date_gmt":"2024-04-13T19:46:41","guid":{"rendered":"https:\/\/transportinghighway.com\/blog\/"},"modified":"2024-06-25T19:28:56","modified_gmt":"2024-06-25T19:28:56","slug":"blog","status":"publish","type":"page","link":"https:\/\/transportinghighway.com\/fr\/blog\/","title":{"rendered":"Blog"},"content":{"rendered":"\t\t<div data-elementor-type=\"wp-page\" data-elementor-id=\"1059\" class=\"elementor elementor-1059 elementor-776\" data-elementor-post-type=\"page\">\n\t\t\t\t<div class=\"elementor-element elementor-element-6fd7321b e-flex e-con-boxed e-con e-parent\" data-id=\"6fd7321b\" data-element_type=\"container\" data-e-type=\"container\" data-settings=\"{&quot;background_background&quot;:&quot;classic&quot;}\">\n\t\t\t\t\t<div class=\"e-con-inner\">\n\t\t\t\t<div class=\"elementor-element elementor-element-8575dc1 elementor-widget elementor-widget-heading\" data-id=\"8575dc1\" data-element_type=\"widget\" data-e-type=\"widget\" data-widget_type=\"heading.default\">\n\t\t\t\t<div class=\"elementor-widget-container\">\n\t\t\t\t\t<h1 class=\"elementor-heading-title elementor-size-default\"><span class=\"orange-text\">Blog<\/span><\/h1>\t\t\t\t<\/div>\n\t\t\t\t<\/div>\n\t\t\t\t\t<\/div>\n\t\t\t\t<\/div>\n\t\t<div class=\"elementor-element elementor-element-3b592950 e-flex e-con-boxed e-con e-parent\" data-id=\"3b592950\" data-element_type=\"container\" data-e-type=\"container\">\n\t\t\t\t\t<div class=\"e-con-inner\">\n\t\t\t\t<div class=\"elementor-element elementor-element-67b8309b elementor-grid-3 elementor-grid-tablet-2 elementor-grid-mobile-1 elementor-posts--thumbnail-top elementor-posts__hover-gradient elementor-widget elementor-widget-posts\" data-id=\"67b8309b\" data-element_type=\"widget\" data-e-type=\"widget\" data-settings=\"{&quot;cards_row_gap&quot;:{&quot;unit&quot;:&quot;px&quot;,&quot;size&quot;:80,&quot;sizes&quot;:[]},&quot;cards_row_gap_tablet&quot;:{&quot;unit&quot;:&quot;px&quot;,&quot;size&quot;:71,&quot;sizes&quot;:[]},&quot;cards_row_gap_mobile&quot;:{&quot;unit&quot;:&quot;px&quot;,&quot;size&quot;:30,&quot;sizes&quot;:[]},&quot;pagination_type&quot;:&quot;numbers_and_prev_next&quot;,&quot;cards_columns&quot;:&quot;3&quot;,&quot;cards_columns_tablet&quot;:&quot;2&quot;,&quot;cards_columns_mobile&quot;:&quot;1&quot;}\" data-widget_type=\"posts.cards\">\n\t\t\t\t<div class=\"elementor-widget-container\">\n\t\t\t\t\t\t\t<div class=\"elementor-posts-container elementor-posts elementor-posts--skin-cards elementor-grid\" role=\"list\">\n\t\t\t\t<article class=\"elementor-post elementor-grid-item post-5852 post type-post status-publish format-standard has-post-thumbnail hentry category-non-classifiee\" role=\"listitem\">\n\t\t\t<div class=\"elementor-post__card\">\n\t\t\t\t<a class=\"elementor-post__thumbnail__link\" href=\"https:\/\/transportinghighway.com\/fr\/pourquoi-le-transport-de-votre-voiture-prend-il-tant-de-temps\/\" tabindex=\"-1\" ><div class=\"elementor-post__thumbnail\"><img fetchpriority=\"high\" decoding=\"async\" width=\"635\" height=\"357\" src=\"https:\/\/transportinghighway.com\/wp-content\/uploads\/2025\/09\/1757343599774.png\" class=\"attachment-large size-large wp-image-5836\" alt=\"\" \/><\/div><\/a>\n\t\t\t\t<div class=\"elementor-post__text\">\n\t\t\t\t<h4 class=\"elementor-post__title\">\n\t\t\t<a href=\"https:\/\/transportinghighway.com\/fr\/pourquoi-le-transport-de-votre-voiture-prend-il-tant-de-temps\/\" >\n\t\t\t\tPourquoi le transport de votre voiture prend-il tant de temps ?\t\t\t<\/a>\n\t\t<\/h4>\n\t\t\t\t<div class=\"elementor-post__excerpt\">\n\t\t\t<p>Vous avez r\u00e9serv\u00e9 un transport de voiture. Le prix est confirm\u00e9, l&rsquo;itin\u00e9raire est clair et vous \u00eates impatient de recevoir votre v\u00e9hicule. Mais ensuite, l&rsquo;attente commence&#8230; et parfois, elle semble<\/p>\n\t\t<\/div>\n\t\t\n\t\t<a class=\"elementor-post__read-more\" href=\"https:\/\/transportinghighway.com\/fr\/pourquoi-le-transport-de-votre-voiture-prend-il-tant-de-temps\/\" aria-label=\"En savoir plus sur Pourquoi le transport de votre voiture prend-il tant de temps ?\" tabindex=\"-1\" >\n\t\t\tLire la suite\t\t<\/a>\n\n\t\t\t\t<\/div>\n\t\t\t\t\t<\/div>\n\t\t<\/article>\n\t\t\t\t<article class=\"elementor-post elementor-grid-item post-5846 post type-post status-publish format-standard has-post-thumbnail hentry category-non-classifiee\" role=\"listitem\">\n\t\t\t<div class=\"elementor-post__card\">\n\t\t\t\t<a class=\"elementor-post__thumbnail__link\" href=\"https:\/\/transportinghighway.com\/fr\/devis-instantanes-pour-le-transport-de-voitures-ce-qui-est-inclus-et-ce-qui-ne-lest-pas\/\" tabindex=\"-1\" ><div class=\"elementor-post__thumbnail\"><img decoding=\"async\" width=\"800\" height=\"800\" src=\"https:\/\/transportinghighway.com\/wp-content\/uploads\/2024\/07\/njwdj-1080x1080.png\" class=\"attachment-large size-large wp-image-2918\" alt=\"\" srcset=\"https:\/\/transportinghighway.com\/wp-content\/uploads\/2024\/07\/njwdj-1080x1080.png 1080w, https:\/\/transportinghighway.com\/wp-content\/uploads\/2024\/07\/njwdj-768x768.png 768w, https:\/\/transportinghighway.com\/wp-content\/uploads\/2024\/07\/njwdj-1536x1536.png 1536w, https:\/\/transportinghighway.com\/wp-content\/uploads\/2024\/07\/njwdj-1320x1320.png 1320w, https:\/\/transportinghighway.com\/wp-content\/uploads\/2024\/07\/njwdj.png 1890w\" sizes=\"(max-width: 800px) 100vw, 800px\" \/><\/div><\/a>\n\t\t\t\t<div class=\"elementor-post__text\">\n\t\t\t\t<h4 class=\"elementor-post__title\">\n\t\t\t<a href=\"https:\/\/transportinghighway.com\/fr\/devis-instantanes-pour-le-transport-de-voitures-ce-qui-est-inclus-et-ce-qui-ne-lest-pas\/\" >\n\t\t\t\tDevis instantan\u00e9s pour le transport de voitures : Ce qui est inclus (et ce qui ne l&rsquo;est pas)\t\t\t<\/a>\n\t\t<\/h4>\n\t\t\t\t<div class=\"elementor-post__excerpt\">\n\t\t\t<p>Lorsque vous d\u00e9placez un v\u00e9hicule \u00e0 travers l&rsquo;Europe, l&rsquo;une des premi\u00e8res choses que vous voulez savoir est le prix. C&rsquo;est pourquoi de nombreuses entreprises, dont Transporting Highway, proposent des devis<\/p>\n\t\t<\/div>\n\t\t\n\t\t<a class=\"elementor-post__read-more\" href=\"https:\/\/transportinghighway.com\/fr\/devis-instantanes-pour-le-transport-de-voitures-ce-qui-est-inclus-et-ce-qui-ne-lest-pas\/\" aria-label=\"En savoir plus sur Devis instantan\u00e9s pour le transport de voitures : Ce qui est inclus (et ce qui ne l&rsquo;est pas)\" tabindex=\"-1\" >\n\t\t\tLire la suite\t\t<\/a>\n\n\t\t\t\t<\/div>\n\t\t\t\t\t<\/div>\n\t\t<\/article>\n\t\t\t\t<article class=\"elementor-post elementor-grid-item post-5695 post type-post status-publish format-standard has-post-thumbnail hentry category-non-classifiee\" role=\"listitem\">\n\t\t\t<div class=\"elementor-post__card\">\n\t\t\t\t<a class=\"elementor-post__thumbnail__link\" href=\"https:\/\/transportinghighway.com\/fr\/transport-de-voitures-fiable-a-nijkerk\/\" tabindex=\"-1\" ><div class=\"elementor-post__thumbnail\"><img decoding=\"async\" width=\"800\" height=\"600\" src=\"https:\/\/transportinghighway.com\/wp-content\/uploads\/2025\/06\/Aerial_Nijkerk_Grote_Kerk_1-1440x1080.jpg\" class=\"attachment-large size-large wp-image-5685\" alt=\"car transport nijkerk\" srcset=\"https:\/\/transportinghighway.com\/wp-content\/uploads\/2025\/06\/Aerial_Nijkerk_Grote_Kerk_1-1440x1080.jpg 1440w, https:\/\/transportinghighway.com\/wp-content\/uploads\/2025\/06\/Aerial_Nijkerk_Grote_Kerk_1-1024x768.jpg 1024w, https:\/\/transportinghighway.com\/wp-content\/uploads\/2025\/06\/Aerial_Nijkerk_Grote_Kerk_1-768x576.jpg 768w, https:\/\/transportinghighway.com\/wp-content\/uploads\/2025\/06\/Aerial_Nijkerk_Grote_Kerk_1-1536x1152.jpg 1536w, https:\/\/transportinghighway.com\/wp-content\/uploads\/2025\/06\/Aerial_Nijkerk_Grote_Kerk_1-2048x1536.jpg 2048w\" sizes=\"(max-width: 800px) 100vw, 800px\" \/><\/div><\/a>\n\t\t\t\t<div class=\"elementor-post__text\">\n\t\t\t\t<h4 class=\"elementor-post__title\">\n\t\t\t<a href=\"https:\/\/transportinghighway.com\/fr\/transport-de-voitures-fiable-a-nijkerk\/\" >\n\t\t\t\tTransport de voitures fiable \u00e0 Nijkerk\t\t\t<\/a>\n\t\t<\/h4>\n\t\t\t\t<div class=\"elementor-post__excerpt\">\n\t\t\t<p>Nijkerk, situ\u00e9e au c\u0153ur des Pays-Bas, est en train de devenir rapidement un site cl\u00e9 pour le transport de voitures en Europe. Gr\u00e2ce \u00e0 sa position centrale et \u00e0 ses<\/p>\n\t\t<\/div>\n\t\t\n\t\t<a class=\"elementor-post__read-more\" href=\"https:\/\/transportinghighway.com\/fr\/transport-de-voitures-fiable-a-nijkerk\/\" aria-label=\"En savoir plus sur Transport de voitures fiable \u00e0 Nijkerk\" tabindex=\"-1\" >\n\t\t\tLire la suite\t\t<\/a>\n\n\t\t\t\t<\/div>\n\t\t\t\t\t<\/div>\n\t\t<\/article>\n\t\t\t\t<article class=\"elementor-post elementor-grid-item post-5711 post type-post status-publish format-standard has-post-thumbnail hentry category-non-classifiee\" role=\"listitem\">\n\t\t\t<div class=\"elementor-post__card\">\n\t\t\t\t<a class=\"elementor-post__thumbnail__link\" href=\"https:\/\/transportinghighway.com\/fr\/combien-de-temps-dure-le-transport-dune-voiture\/\" tabindex=\"-1\" ><div class=\"elementor-post__thumbnail\"><img loading=\"lazy\" decoding=\"async\" width=\"327\" height=\"154\" src=\"https:\/\/transportinghighway.com\/wp-content\/uploads\/2025\/01\/images-2.jpeg\" class=\"attachment-large size-large wp-image-5232\" alt=\"car transport\" \/><\/div><\/a>\n\t\t\t\t<div class=\"elementor-post__text\">\n\t\t\t\t<h4 class=\"elementor-post__title\">\n\t\t\t<a href=\"https:\/\/transportinghighway.com\/fr\/combien-de-temps-dure-le-transport-dune-voiture\/\" >\n\t\t\t\tCombien de temps dure le transport d&rsquo;une voiture ?\t\t\t<\/a>\n\t\t<\/h4>\n\t\t\t\t<div class=\"elementor-post__excerpt\">\n\t\t\t<p>Lorsqu&rsquo;il s&rsquo;agit de transport de voitures, la rapidit\u00e9 et l&rsquo;efficacit\u00e9 sont des facteurs cl\u00e9s. Chez Transporting Highway, nous sommes fiers de dire qu&rsquo;en moyenne, nos services de transport sont pris<\/p>\n\t\t<\/div>\n\t\t\n\t\t<a class=\"elementor-post__read-more\" href=\"https:\/\/transportinghighway.com\/fr\/combien-de-temps-dure-le-transport-dune-voiture\/\" aria-label=\"En savoir plus sur Combien de temps dure le transport d&rsquo;une voiture ?\" tabindex=\"-1\" >\n\t\t\tLire la suite\t\t<\/a>\n\n\t\t\t\t<\/div>\n\t\t\t\t\t<\/div>\n\t\t<\/article>\n\t\t\t\t<article class=\"elementor-post elementor-grid-item post-4489 post type-post status-publish format-standard has-post-thumbnail hentry category-non-classifiee\" role=\"listitem\">\n\t\t\t<div class=\"elementor-post__card\">\n\t\t\t\t<a class=\"elementor-post__thumbnail__link\" href=\"https:\/\/transportinghighway.com\/fr\/limportance-de-lassurance-pour-la-securite-du-transport-de-vehicules\/\" tabindex=\"-1\" ><div class=\"elementor-post__thumbnail\"><img loading=\"lazy\" decoding=\"async\" width=\"800\" height=\"800\" src=\"https:\/\/transportinghighway.com\/wp-content\/uploads\/2024\/11\/car-insurance-document-flat-style-licence-vehicle-checklist-folder-security-agreement-automobile-company-transport-report-187031583.webp\" class=\"attachment-large size-large wp-image-4472\" alt=\"insurance vehicle transport\" srcset=\"https:\/\/transportinghighway.com\/wp-content\/uploads\/2024\/11\/car-insurance-document-flat-style-licence-vehicle-checklist-folder-security-agreement-automobile-company-transport-report-187031583.webp 800w, https:\/\/transportinghighway.com\/wp-content\/uploads\/2024\/11\/car-insurance-document-flat-style-licence-vehicle-checklist-folder-security-agreement-automobile-company-transport-report-187031583-768x768.webp 768w\" sizes=\"(max-width: 800px) 100vw, 800px\" \/><\/div><\/a>\n\t\t\t\t<div class=\"elementor-post__text\">\n\t\t\t\t<h4 class=\"elementor-post__title\">\n\t\t\t<a href=\"https:\/\/transportinghighway.com\/fr\/limportance-de-lassurance-pour-la-securite-du-transport-de-vehicules\/\" >\n\t\t\t\tL&rsquo;importance de l&rsquo;assurance pour la s\u00e9curit\u00e9 du transport de v\u00e9hicules :\t\t\t<\/a>\n\t\t<\/h4>\n\t\t\t\t<div class=\"elementor-post__excerpt\">\n\t\t\t<p>Lorsqu&rsquo;il s&rsquo;agit d&rsquo;assurer le transport de v\u00e9hicules, il n&rsquo;est pas n\u00e9gociable de s&rsquo;assurer que toutes les cargaisons sont enti\u00e8rement prot\u00e9g\u00e9es. Chez Transporting Highway, nous sommes fiers d&rsquo;offrir une exp\u00e9rience de<\/p>\n\t\t<\/div>\n\t\t\n\t\t<a class=\"elementor-post__read-more\" href=\"https:\/\/transportinghighway.com\/fr\/limportance-de-lassurance-pour-la-securite-du-transport-de-vehicules\/\" aria-label=\"En savoir plus sur L&rsquo;importance de l&rsquo;assurance pour la s\u00e9curit\u00e9 du transport de v\u00e9hicules :\" tabindex=\"-1\" >\n\t\t\tLire la suite\t\t<\/a>\n\n\t\t\t\t<\/div>\n\t\t\t\t\t<\/div>\n\t\t<\/article>\n\t\t\t\t<article class=\"elementor-post elementor-grid-item post-5672 post type-post status-publish format-standard has-post-thumbnail hentry category-non-classifiee\" role=\"listitem\">\n\t\t\t<div class=\"elementor-post__card\">\n\t\t\t\t<a class=\"elementor-post__thumbnail__link\" href=\"https:\/\/transportinghighway.com\/fr\/comment-les-concessionnaires-automobiles-peuvent-ils-tirer-profit-du-transport-routier\/\" tabindex=\"-1\" ><div class=\"elementor-post__thumbnail\"><img loading=\"lazy\" decoding=\"async\" width=\"800\" height=\"365\" src=\"https:\/\/transportinghighway.com\/wp-content\/uploads\/2024\/10\/hero_fpo.jpg\" class=\"attachment-large size-large wp-image-5192\" alt=\"\" srcset=\"https:\/\/transportinghighway.com\/wp-content\/uploads\/2024\/10\/hero_fpo.jpg 1920w, https:\/\/transportinghighway.com\/wp-content\/uploads\/2024\/10\/hero_fpo-1024x468.jpg 1024w, https:\/\/transportinghighway.com\/wp-content\/uploads\/2024\/10\/hero_fpo-768x351.jpg 768w, https:\/\/transportinghighway.com\/wp-content\/uploads\/2024\/10\/hero_fpo-1536x702.jpg 1536w\" sizes=\"(max-width: 800px) 100vw, 800px\" \/><\/div><\/a>\n\t\t\t\t<div class=\"elementor-post__text\">\n\t\t\t\t<h4 class=\"elementor-post__title\">\n\t\t\t<a href=\"https:\/\/transportinghighway.com\/fr\/comment-les-concessionnaires-automobiles-peuvent-ils-tirer-profit-du-transport-routier\/\" >\n\t\t\t\tComment les concessionnaires automobiles peuvent-ils tirer profit du transport routier ?\t\t\t<\/a>\n\t\t<\/h4>\n\t\t\t\t<div class=\"elementor-post__excerpt\">\n\t\t\t<p>Sur le march\u00e9 automobile concurrentiel d&rsquo;aujourd&rsquo;hui, les concessionnaires automobiles sont confront\u00e9s \u00e0 de nombreux d\u00e9fis, qu&rsquo;il s&rsquo;agisse de g\u00e9rer les stocks ou d&rsquo;assurer des livraisons en temps voulu \u00e0 leurs<\/p>\n\t\t<\/div>\n\t\t\n\t\t<a class=\"elementor-post__read-more\" href=\"https:\/\/transportinghighway.com\/fr\/comment-les-concessionnaires-automobiles-peuvent-ils-tirer-profit-du-transport-routier\/\" aria-label=\"En savoir plus sur Comment les concessionnaires automobiles peuvent-ils tirer profit du transport routier ?\" tabindex=\"-1\" >\n\t\t\tLire la suite\t\t<\/a>\n\n\t\t\t\t<\/div>\n\t\t\t\t\t<\/div>\n\t\t<\/article>\n\t\t\t\t<\/div>\n\t\t\n\t\t\t\t<div class=\"e-load-more-anchor\" data-page=\"1\" data-max-page=\"4\" data-next-page=\"https:\/\/transportinghighway.com\/fr\/wp-json\/wp\/v2\/pages\/1059\/page\/2\/\"><\/div>\n\t\t\t\t<nav class=\"elementor-pagination\" aria-label=\"Pagination\">\n\t\t\t<span class=\"page-numbers prev\">Pr\u00e9c\u00e9dent<\/span>\n<span aria-current=\"page\" class=\"page-numbers current\"><span class=\"elementor-screen-only\">Page<\/span>1<\/span>\n<a class=\"page-numbers\" href=\"https:\/\/transportinghighway.com\/fr\/wp-json\/wp\/v2\/pages\/1059\/page\/2\/\"><span class=\"elementor-screen-only\">Page<\/span>2<\/a>\n<a class=\"page-numbers\" href=\"https:\/\/transportinghighway.com\/fr\/wp-json\/wp\/v2\/pages\/1059\/page\/3\/\"><span class=\"elementor-screen-only\">Page<\/span>3<\/a>\n<a class=\"page-numbers\" href=\"https:\/\/transportinghighway.com\/fr\/wp-json\/wp\/v2\/pages\/1059\/page\/4\/\"><span class=\"elementor-screen-only\">Page<\/span>4<\/a>\n<a class=\"page-numbers next\" href=\"https:\/\/transportinghighway.com\/fr\/wp-json\/wp\/v2\/pages\/1059\/page\/2\/\">Suivant<\/a>\t\t<\/nav>\n\t\t\t\t\t\t<\/div>\n\t\t\t\t<\/div>\n\t\t\t\t\t<\/div>\n\t\t\t\t<\/div>\n\t\t\t\t<\/div>\n\t\t","protected":false},"excerpt":{"rendered":"<p>Blog<\/p>\n","protected":false},"author":1,"featured_media":0,"parent":0,"menu_order":0,"comment_status":"closed","ping_status":"closed","template":"","meta":{"content-type":"","inline_featured_image":false,"_joinchat":[],"footnotes":""},"class_list":["post-1059","page","type-page","status-publish","hentry"],"yoast_head":"<!-- This site is optimized with the Yoast SEO plugin v27.6 - https:\/\/yoast.com\/product\/yoast-seo-wordpress\/ -->\n<title>Blog - Transporting Highway<\/title>\n<meta name=\"robots\" content=\"index, follow, max-snippet:-1, max-image-preview:large, max-video-preview:-1\" \/>\n<link rel=\"canonical\" href=\"https:\/\/transportinghighway.com\/fr\/blog\/\" \/>\n<meta property=\"og:locale\" content=\"fr_FR\" \/>\n<meta property=\"og:type\" content=\"article\" \/>\n<meta property=\"og:title\" content=\"Blog - Transporting Highway\" \/>\n<meta property=\"og:description\" content=\"Blog\" \/>\n<meta property=\"og:url\" content=\"https:\/\/transportinghighway.com\/fr\/blog\/\" \/>\n<meta property=\"og:site_name\" content=\"Transporting Highway\" \/>\n<meta property=\"article:modified_time\" content=\"2024-06-25T19:28:56+00:00\" \/>\n<meta name=\"twitter:card\" content=\"summary_large_image\" \/>\n<meta name=\"twitter:label1\" content=\"Dur\u00e9e de lecture estim\u00e9e\" \/>\n\t<meta name=\"twitter:data1\" content=\"5 minutes\" \/>\n<script type=\"application\/ld+json\" class=\"yoast-schema-graph\">{\"@context\":\"https:\\\/\\\/schema.org\",\"@graph\":[{\"@type\":\"WebPage\",\"@id\":\"https:\\\/\\\/transportinghighway.com\\\/fr\\\/blog\\\/\",\"url\":\"https:\\\/\\\/transportinghighway.com\\\/fr\\\/blog\\\/\",\"name\":\"Blog - Transporting Highway\",\"isPartOf\":{\"@id\":\"https:\\\/\\\/transportinghighway.com\\\/fr\\\/#website\"},\"datePublished\":\"2024-04-13T19:46:41+00:00\",\"dateModified\":\"2024-06-25T19:28:56+00:00\",\"breadcrumb\":{\"@id\":\"https:\\\/\\\/transportinghighway.com\\\/fr\\\/blog\\\/#breadcrumb\"},\"inLanguage\":\"fr-FR\",\"potentialAction\":[{\"@type\":\"ReadAction\",\"target\":[\"https:\\\/\\\/transportinghighway.com\\\/fr\\\/blog\\\/\"]}]},{\"@type\":\"BreadcrumbList\",\"@id\":\"https:\\\/\\\/transportinghighway.com\\\/fr\\\/blog\\\/#breadcrumb\",\"itemListElement\":[{\"@type\":\"ListItem\",\"position\":1,\"name\":\"Home\",\"item\":\"https:\\\/\\\/transportinghighway.com\\\/fr\\\/accueil\\\/\"},{\"@type\":\"ListItem\",\"position\":2,\"name\":\"Blog\"}]},{\"@type\":\"WebSite\",\"@id\":\"https:\\\/\\\/transportinghighway.com\\\/fr\\\/#website\",\"url\":\"https:\\\/\\\/transportinghighway.com\\\/fr\\\/\",\"name\":\"Transporting Highway\",\"description\":\"Vervoer uw auto&#039;s door Europa\",\"publisher\":{\"@id\":\"https:\\\/\\\/transportinghighway.com\\\/fr\\\/#organization\"},\"potentialAction\":[{\"@type\":\"SearchAction\",\"target\":{\"@type\":\"EntryPoint\",\"urlTemplate\":\"https:\\\/\\\/transportinghighway.com\\\/fr\\\/?s={search_term_string}\"},\"query-input\":{\"@type\":\"PropertyValueSpecification\",\"valueRequired\":true,\"valueName\":\"search_term_string\"}}],\"inLanguage\":\"fr-FR\"},{\"@type\":\"Organization\",\"@id\":\"https:\\\/\\\/transportinghighway.com\\\/fr\\\/#organization\",\"name\":\"Transporting Highway\",\"url\":\"https:\\\/\\\/transportinghighway.com\\\/fr\\\/\",\"logo\":{\"@type\":\"ImageObject\",\"inLanguage\":\"fr-FR\",\"@id\":\"https:\\\/\\\/transportinghighway.com\\\/fr\\\/#\\\/schema\\\/logo\\\/image\\\/\",\"url\":\"https:\\\/\\\/transportinghighway.com\\\/wp-content\\\/uploads\\\/2023\\\/05\\\/transporting-highway-logo.svg\",\"contentUrl\":\"https:\\\/\\\/transportinghighway.com\\\/wp-content\\\/uploads\\\/2023\\\/05\\\/transporting-highway-logo.svg\",\"width\":\"1920\",\"height\":\"1080\",\"caption\":\"Transporting Highway\"},\"image\":{\"@id\":\"https:\\\/\\\/transportinghighway.com\\\/fr\\\/#\\\/schema\\\/logo\\\/image\\\/\"}}]}<\/script>\n<!-- \/ Yoast SEO plugin. -->","yoast_head_json":{"title":"Blog - Transporting Highway","robots":{"index":"index","follow":"follow","max-snippet":"max-snippet:-1","max-image-preview":"max-image-preview:large","max-video-preview":"max-video-preview:-1"},"canonical":"https:\/\/transportinghighway.com\/fr\/blog\/","og_locale":"fr_FR","og_type":"article","og_title":"Blog - Transporting Highway","og_description":"Blog","og_url":"https:\/\/transportinghighway.com\/fr\/blog\/","og_site_name":"Transporting Highway","article_modified_time":"2024-06-25T19:28:56+00:00","twitter_card":"summary_large_image","twitter_misc":{"Dur\u00e9e de lecture estim\u00e9e":"5 minutes"},"schema":{"@context":"https:\/\/schema.org","@graph":[{"@type":"WebPage","@id":"https:\/\/transportinghighway.com\/fr\/blog\/","url":"https:\/\/transportinghighway.com\/fr\/blog\/","name":"Blog - Transporting Highway","isPartOf":{"@id":"https:\/\/transportinghighway.com\/fr\/#website"},"datePublished":"2024-04-13T19:46:41+00:00","dateModified":"2024-06-25T19:28:56+00:00","breadcrumb":{"@id":"https:\/\/transportinghighway.com\/fr\/blog\/#breadcrumb"},"inLanguage":"fr-FR","potentialAction":[{"@type":"ReadAction","target":["https:\/\/transportinghighway.com\/fr\/blog\/"]}]},{"@type":"BreadcrumbList","@id":"https:\/\/transportinghighway.com\/fr\/blog\/#breadcrumb","itemListElement":[{"@type":"ListItem","position":1,"name":"Home","item":"https:\/\/transportinghighway.com\/fr\/accueil\/"},{"@type":"ListItem","position":2,"name":"Blog"}]},{"@type":"WebSite","@id":"https:\/\/transportinghighway.com\/fr\/#website","url":"https:\/\/transportinghighway.com\/fr\/","name":"Transporting Highway","description":"Vervoer uw auto&#039;s door Europa","publisher":{"@id":"https:\/\/transportinghighway.com\/fr\/#organization"},"potentialAction":[{"@type":"SearchAction","target":{"@type":"EntryPoint","urlTemplate":"https:\/\/transportinghighway.com\/fr\/?s={search_term_string}"},"query-input":{"@type":"PropertyValueSpecification","valueRequired":true,"valueName":"search_term_string"}}],"inLanguage":"fr-FR"},{"@type":"Organization","@id":"https:\/\/transportinghighway.com\/fr\/#organization","name":"Transporting Highway","url":"https:\/\/transportinghighway.com\/fr\/","logo":{"@type":"ImageObject","inLanguage":"fr-FR","@id":"https:\/\/transportinghighway.com\/fr\/#\/schema\/logo\/image\/","url":"https:\/\/transportinghighway.com\/wp-content\/uploads\/2023\/05\/transporting-highway-logo.svg","contentUrl":"https:\/\/transportinghighway.com\/wp-content\/uploads\/2023\/05\/transporting-highway-logo.svg","width":"1920","height":"1080","caption":"Transporting Highway"},"image":{"@id":"https:\/\/transportinghighway.com\/fr\/#\/schema\/logo\/image\/"}}]}},"_links":{"self":[{"href":"https:\/\/transportinghighway.com\/fr\/wp-json\/wp\/v2\/pages\/1059","targetHints":{"allow":["GET"]}}],"collection":[{"href":"https:\/\/transportinghighway.com\/fr\/wp-json\/wp\/v2\/pages"}],"about":[{"href":"https:\/\/transportinghighway.com\/fr\/wp-json\/wp\/v2\/types\/page"}],"author":[{"embeddable":true,"href":"https:\/\/transportinghighway.com\/fr\/wp-json\/wp\/v2\/users\/1"}],"replies":[{"embeddable":true,"href":"https:\/\/transportinghighway.com\/fr\/wp-json\/wp\/v2\/comments?post=1059"}],"version-history":[{"count":11,"href":"https:\/\/transportinghighway.com\/fr\/wp-json\/wp\/v2\/pages\/1059\/revisions"}],"predecessor-version":[{"id":2450,"href":"https:\/\/transportinghighway.com\/fr\/wp-json\/wp\/v2\/pages\/1059\/revisions\/2450"}],"wp:attachment":[{"href":"https:\/\/transportinghighway.com\/fr\/wp-json\/wp\/v2\/media?parent=1059"}],"curies":[{"name":"wp","href":"https:\/\/api.w.org\/{rel}","templated":true}]}}